{"id":1414,"date":"2026-02-27T09:17:44","date_gmt":"2026-02-27T08:17:44","guid":{"rendered":"https:\/\/soderpiren.se\/?page_id=1414"},"modified":"2026-02-27T09:39:25","modified_gmt":"2026-02-27T08:39:25","slug":"villkor","status":"publish","type":"page","link":"https:\/\/soderpiren.se\/en\/villkor\/","title":{"rendered":"allm\u00e4nna villkor"},"content":{"rendered":"<div data-elementor-type=\"wp-page\" data-elementor-id=\"1414\" class=\"elementor elementor-1414\" data-elementor-post-type=\"page\">\n\t\t\t\t\t\t<section class=\"elementor-section elementor-top-section elementor-element elementor-element-742b812 elementor-section-boxed elementor-section-height-default elementor-section-height-default\" data-id=\"742b812\" data-element_type=\"section\">\n\t\t\t\t\t\t<div class=\"elementor-container elementor-column-gap-default\">\n\t\t\t\t\t<div class=\"elementor-column elementor-col-100 elementor-top-column elementor-element elementor-element-14231a4\" data-id=\"14231a4\" data-element_type=\"column\">\n\t\t\t<div class=\"elementor-widget-wrap elementor-element-populated\">\n\t\t\t\t\t\t<div class=\"elementor-element elementor-element-19eaf53 elementor-widget elementor-widget-text-editor\" data-id=\"19eaf53\" data-element_type=\"widget\" data-widget_type=\"text-editor.default\">\n\t\t\t\t<div class=\"elementor-widget-container\">\n\t\t\t\t\t\t\t\t\t<p><strong>Allm\u00e4nna villkor och regler\u00a0<\/strong><\/p>\t\t\t\t\t\t\t\t<\/div>\n\t\t\t\t<\/div>\n\t\t\t\t\t<\/div>\n\t\t<\/div>\n\t\t\t\t\t<\/div>\n\t\t<\/section>\n\t\t\t\t<section class=\"elementor-section elementor-top-section elementor-element elementor-element-1754c48 elementor-section-boxed elementor-section-height-default elementor-section-height-default\" data-id=\"1754c48\" data-element_type=\"section\">\n\t\t\t\t\t\t<div class=\"elementor-container elementor-column-gap-default\">\n\t\t\t\t\t<div class=\"elementor-column elementor-col-100 elementor-top-column elementor-element elementor-element-967a9eb\" data-id=\"967a9eb\" data-element_type=\"column\">\n\t\t\t<div class=\"elementor-widget-wrap elementor-element-populated\">\n\t\t\t\t\t\t<div class=\"elementor-element elementor-element-79e6858 elementor-widget elementor-widget-text-editor\" data-id=\"79e6858\" data-element_type=\"widget\" data-widget_type=\"text-editor.default\">\n\t\t\t\t<div class=\"elementor-widget-container\">\n\t\t\t\t\t\t\t\t\t<p><span style=\"text-decoration: underline;\"><strong>Party venue<\/strong><\/span><\/p>\n<p>Vid bokning betalas en deposition p\u00e5 3000 kr. Ev. avbokning skall ske\u00a0senast 3 m\u00e5nader innan\u00a0aktuell bokning. Vid senare avbokning\u00a0\u00e5terbetalas ej bokningsavgiften.<span class=\"Apple-converted-space\">\u00a0<\/span><\/p>\n<p>Kl. 13.00 h\u00e5lls en festlokalsgenomg\u00e5ng, kontraktsskrivning, tillg\u00e5ng till f\u00f6rr\u00e5det och utl\u00e4mning av nyckeln. D\u00e5 betalas den totala summan f\u00f6r eventet, (exkl. deposition). Depositionen \u00e5terbetalas efter avslutat event\u00a0 om allt st\u00e5r r\u00e4tt till i lokalen. Om villkoren inte f\u00f6ljs debiteras hyresg\u00e4sten f\u00f6r extra oplanerat arbete. Avdrag p\u00e5 depositionen sker t.ex. vid ol\u00e5sta d\u00f6rrar eller otill\u00e5ten vistelse i glampingomr\u00e5det. Vid kvarl\u00e4mnad spya (inne eller ute) debiteras hela depositionen. Skador ut\u00f6ver normalt slitage debiteras hyresg\u00e4sten. Vid ol\u00e5sta d\u00f6rrar eller bristf\u00e4llig st\u00e4dning debiteras extra avgift och\/eller avdrag p\u00e5 depositionen.<\/p>\n<p>\u00d6nskar ni hyra lokalen under ny\u00e5rsafton, studenten, midsommarafton eller julafton tillkommer en extra avgift.<\/p>\n<p>Obs! Vi hyr inte ut lokalen till personer under 21 \u00e5r.\u00a0<\/p>\n<h6><span style=\"font-size: inherit;\">F\u00f6rbjudet:<br \/><\/span><span style=\"font-size: inherit;\">Konfetti \u00e4r f\u00f6rbjudet i och utanf\u00f6r lokalen. Silvertejp f\u00e5 ej anv\u00e4ndas p\u00e5 f\u00f6nster\/v\u00e4ggar\/tak. Ingen tejp p\u00e5 f\u00f6nster.\u00a0<\/span><\/h6>\n<p>Obs! Badtunnan\u00a0m\u00e5ste bokas separat och vid bokning l\u00e4gger ni alltid in era kortuppgifter, detta som en s\u00e4kerhet f\u00f6r oss vid eventuell sen avbokning. Ev. avbokning av badtunnan skall ske senast 2 veckor innan bes\u00f6ket. Vid senare avbokning dras en\u00a0bokningsavgift p\u00e5 1 580:-.<\/p>\n<div>\n<h6><strong><em>Jag st\u00e4dar sj\u00e4lv &#8211; v<\/em><\/strong><span style=\"font-size: inherit;\"><strong><em>illkor vid egen st\u00e4dning<\/em><\/strong><br \/><\/span><span style=\"font-size: inherit;\"><em>Observera att detta \u00e4r en sammanfattning, ett fullst\u00e4ndigt och utf\u00f6rligt kontrakt tillhandah\u00e5lls i samband med tilltr\u00e4de till lokalen.<\/em> <br \/><\/span><span style=\"font-size: inherit;\">Vid val av egen st\u00e4dning ansvarar hyresg\u00e4sten f\u00f6r att lokalen l\u00e4mnas i samma skick som vid tilltr\u00e4de. Lokalen ska vara st\u00e4dad och klar senast kl. 07:00 dagen efter.<br \/>St\u00e4dning &amp; \u00c5terst\u00e4llning: <br \/>K\u00f6k: All disk ska vara ren, k\u00f6ket \u00e5terst\u00e4llt och diskmaskinen rengjord\/avst\u00e4ngd. <br \/>Golv &amp; Ytor: Alla golv ska sopas, dammsugas och moppas. Alla bord och ytor ska torkas av. <br \/>Toaletter: Ska st\u00e4das och f\u00f6rbrukningsmaterial fyllas p\u00e5 (material finns p\u00e5 plats). <br \/>M\u00f6blering: M\u00f6bler, dekoration och inventarier ska \u00e5terst\u00e4llas p\u00e5 sina ursprungliga platser. <br \/>Sopor: Allt avfall tas med av hyresg\u00e4sten (sophantering kan k\u00f6pas till f\u00f6r 500 kr). Inget skr\u00e4p, fimpar eller snus f\u00e5r l\u00e4mnas kvar utomhus. <br \/>Regler &amp; S\u00e4kerhet: Alla d\u00f6rrar ska l\u00e5sas, ljus sl\u00e4ckas och lampor st\u00e4ngas av vid avf\u00e4rd. <br \/>Musik: Avst\u00e4ngd senast kl. 02:00 inne (utomhus senast kl. 23:00). <br \/>Grannh\u00e4nsyn: Omr\u00e5det vid Kottehusen f\u00e5r ej betr\u00e4das efter kl. 23:00 (april\u2013sept.). <br \/>Marschaller: F\u00e5r endast placeras i avsedda st\u00e4ll, aldrig direkt p\u00e5 tr\u00e4d\u00e4ck. <br \/>Badtunna: Kan vara uthyrd till andra g\u00e4ster samtidigt \u2013 visa \u00f6msesidig respekt.<\/span><\/h6>\n<h6><strong><em>St\u00e4dtj\u00e4nst &#8211; villkor vid k\u00f6pt st\u00e4dning<\/em><\/strong><em><br \/><\/em><em style=\"font-family: inherit;\">Observera att detta \u00e4r en sammanfattning, ett fullst\u00e4ndigt och utf\u00f6rligt kontrakt tillhandah\u00e5lls i samband med tilltr\u00e4de till lokalen.<\/em><span style=\"font-family: inherit; font-style: inherit;\">\u00a0<br \/><\/span>Vid k\u00f6p av st\u00e4dning tar S\u00f6derpiren hand om grovst\u00e4dningen (golv, toaletter och avtorkning). Hyresg\u00e4sten ansvarar f\u00f6r att lokalen \u00e4r iordningst\u00e4lld enligt nedan.<\/h6>\n<h6>G\u00e4stens ansvar innan avf\u00e4rd<br \/>Dukning &amp; Dekoration: Allt eget pynt ska tas ner. Konfetti och silvertejp \u00e4r absolut f\u00f6rbjudet. <br \/>Disk: All disk b\u00e4rs in i k\u00f6ket, sorteras och st\u00e4lls i diskbackar. Anv\u00e4nd diskmaskin ska t\u00f6mmas, reng\u00f6ras och st\u00e4ngas av. <br \/>M\u00f6blering: M\u00f6bler fr\u00e5n f\u00f6rr\u00e5d eller utomhus ska torkas av och st\u00e4llas tillbaka p\u00e5 sin plats. Caf\u00e9bord, soffor &amp; stolar som redan st\u00e5r i lokalen beh\u00f6ver inte \u00e5terst\u00e4llas. S\u00f6derpirens dekor \u00e5terst\u00e4lls p\u00e5 sina ursprungliga platser. <br \/>Sopor &amp; ytor utomhus: Allt avfall sorteras i avsedda k\u00e4rl. Plocka upp fimpar och snus utomhus. <br \/>Regler &amp; S\u00e4kerhet: Alla d\u00f6rrar ska l\u00e5sas, ljus sl\u00e4ckas och lampor st\u00e4ngas av vid avf\u00e4rd. <br \/>Musik: Avst\u00e4ngd senast kl. 02:00 inne (utomhus senast kl. 23:00). Glamping (april\u2013sept): D\u00f6rren mot Kottehusen h\u00e5lls st\u00e4ngd efter kl. 23:00. Omr\u00e5det f\u00e5r ej betr\u00e4das och h\u00e4nsyn ska visas till sovande g\u00e4ster. <br \/>Marschaller: F\u00e5r endast placeras i avsedda st\u00e4ll. <br \/>Nyckel\u00e5terl\u00e4mning &amp; F\u00f6rvaring: Nyckeln l\u00e4mnas tillbaka senast kl. 12:00 dagen efter. Saker ni vill spara (presenter, dryck, pynt) st\u00e4lls i f\u00f6rr\u00e5det under natten och h\u00e4mtas senast i samband med nyckel\u00e5terl\u00e4mningen.\u00a0<\/h6>\n<\/div>\t\t\t\t\t\t\t\t<\/div>\n\t\t\t\t<\/div>\n\t\t\t\t\t<\/div>\n\t\t<\/div>\n\t\t\t\t\t<\/div>\n\t\t<\/section>\n\t\t\t\t<section class=\"elementor-section elementor-top-section elementor-element elementor-element-87a1dc2 elementor-section-boxed elementor-section-height-default elementor-section-height-default\" data-id=\"87a1dc2\" data-element_type=\"section\">\n\t\t\t\t\t\t<div class=\"elementor-container elementor-column-gap-default\">\n\t\t\t\t\t<div class=\"elementor-column elementor-col-100 elementor-top-column elementor-element elementor-element-c848f85\" data-id=\"c848f85\" data-element_type=\"column\">\n\t\t\t<div class=\"elementor-widget-wrap elementor-element-populated\">\n\t\t\t\t\t\t<div class=\"elementor-element elementor-element-ed989ad elementor-widget elementor-widget-text-editor\" data-id=\"ed989ad\" data-element_type=\"widget\" data-widget_type=\"text-editor.default\">\n\t\t\t\t<div class=\"elementor-widget-container\">\n\t\t\t\t\t\t\t\t\t<p><span style=\"text-decoration: underline;\"><strong>Hot tub<\/strong><\/span><\/p>\n<p>N\u00e4r ni hyr spa-delen \u00e4r v\u00e4lkomna att ta med egen dryck &amp; mat (obs! ingen mat i\/vid badtunnan \u00e4r till\u00e5tet).<\/p>\n<p>Vid bokning l\u00e4gger ni alltid in era kortuppgifter, detta som en s\u00e4kerhet f\u00f6r oss vid eventuell sen avbokning. Ev. avbokning skall ske\u00a0senast 2 veckor innan bes\u00f6ket. Vid senare avbokning dras en bokningsavgift p\u00e5 1 580:-. Bokningen g\u00e4ller oavsett v\u00e4der. S\u00f6derpiren avg\u00f6r om v\u00e4dret \u00e4r sk\u00e4l till avbokning\/ombokning p\u00e5 grund av fara.<\/p>\n<p>We will meet you on-site and go through how everything works. <strong>Observera att om ni kommer 15 minuter efter er starttid l\u00e5ser vi d\u00f6rrarna<\/strong> och kan d\u00e5 inte garantera att ni kommer in och kan nyttja er bokade tid. Skulle ni bli sena, meddela tilda@soderpiren.se s\u00e5 fort som m\u00f6jligt s\u00e5 f\u00f6rs\u00f6ker vi l\u00f6sa det. <strong>At the end time, everyone must be changed and ready to leave the venue.<\/strong><\/p>\n<section data-id=\"846522f\" data-element_type=\"section\">\n<div>\n<div data-id=\"02720a2\" data-element_type=\"column\">\n<div>\n<div data-id=\"2f48c0c\" data-element_type=\"widget\" data-widget_type=\"text-editor.default\">\n<div>\n<p><em><b>Rules for bathing!<br \/><\/b><\/em>\u2022 Alla m\u00e5ste duscha med tv\u00e5l &amp; vatten innan bad<br \/>\u2022\u00a0Allt skr\u00e4p skall sl\u00e4ngas i papperskorgarna<br \/>\u2022\u00a0Ingen mat eller tilltugg f\u00e5r f\u00f6rt\u00e4ras i badtunnan<br \/>\u2022\u00a0Fimpar &amp; snus skall sl\u00e4ngas i h\u00e4nvisade papperskorgar<br \/>\u2022\u00a0Inga glas f\u00e5r anv\u00e4ndas i\/vid badtunnan \u2013 det finns plastglas att l\u00e5na<br \/>\u2022\u00a0Notera att S\u00f6derpirens lokal kan vara uthyrd samtidigt som er bokning. Vi ber att respektera varandras bokningar.<br \/>\u2022\u00a0Var f\u00f6rsiktig! Tr\u00e4d\u00e4cket kan bli halt n\u00e4r det blir bl\u00f6tt, spring aldrig inomhus eller utomhus i spa-delen!<br \/>\u2022\u00a0Bada aldrig om du k\u00e4nner dig sjuk<br \/>\u2022 Badet \u00e4r obemannat, bad och vistelse i spa-delen sker p\u00e5 egen risk.<\/p>\n<p>Vid bokning av festlokal g\u00e5r badtunnan att bokas f\u00f6r ett fastpris. Obs! Vid fastpris\u00a0ing\u00e5r ej l\u00e5n av handdukar.<\/p>\n<\/div>\n<\/div>\n<\/div>\n<\/div>\n<\/div>\n<\/section>\n<section data-id=\"bca7181\" data-element_type=\"section\">\n<div data-id=\"4f8b685\" data-element_type=\"column\">\n<div data-id=\"1fd5a2a\" data-element_type=\"widget\" data-widget_type=\"text-editor.default\">\n<p>In case of a watering ban, we will turn off the cold bath.\u00a0<\/p>\n<p>\u00a0<\/p>\n<\/div>\n<\/div>\n<\/section>\t\t\t\t\t\t\t\t<\/div>\n\t\t\t\t<\/div>\n\t\t\t\t\t<\/div>\n\t\t<\/div>\n\t\t\t\t\t<\/div>\n\t\t<\/section>\n\t\t\t\t<\/div>","protected":false},"excerpt":{"rendered":"<p>Allm\u00e4nna villkor och regler\u00a0 Festlokal Vid bokning betalas en deposition p\u00e5 3000 kr. Ev. avbokning skall ske\u00a0senast 3 m\u00e5nader innan\u00a0aktuell bokning. Vid senare avbokning\u00a0\u00e5terbetalas ej bokningsavgiften.\u00a0 Kl. 13.00 h\u00e5lls en festlokalsgenomg\u00e5ng, kontraktsskrivning, tillg\u00e5ng till f\u00f6rr\u00e5det och utl\u00e4mning av nyckeln. D\u00e5 betalas den totala summan f\u00f6r eventet, (exkl. deposition). Depositionen \u00e5terbetalas efter avslutat event\u00a0 om allt &#8230; <a title=\"allm\u00e4nna villkor\" class=\"read-more\" href=\"https:\/\/soderpiren.se\/en\/villkor\/\" aria-label=\"Read more about allm\u00e4nna villkor\">L\u00e4s mer<\/a><\/p>","protected":false},"author":2,"featured_media":0,"parent":0,"menu_order":0,"comment_status":"closed","ping_status":"closed","template":"","meta":{"footnotes":""},"class_list":["post-1414","page","type-page","status-publish"],"_links":{"self":[{"href":"https:\/\/soderpiren.se\/en\/wp-json\/wp\/v2\/pages\/1414","targetHints":{"allow":["GET"]}}],"collection":[{"href":"https:\/\/soderpiren.se\/en\/wp-json\/wp\/v2\/pages"}],"about":[{"href":"https:\/\/soderpiren.se\/en\/wp-json\/wp\/v2\/types\/page"}],"author":[{"embeddable":true,"href":"https:\/\/soderpiren.se\/en\/wp-json\/wp\/v2\/users\/2"}],"replies":[{"embeddable":true,"href":"https:\/\/soderpiren.se\/en\/wp-json\/wp\/v2\/comments?post=1414"}],"version-history":[{"count":17,"href":"https:\/\/soderpiren.se\/en\/wp-json\/wp\/v2\/pages\/1414\/revisions"}],"predecessor-version":[{"id":1437,"href":"https:\/\/soderpiren.se\/en\/wp-json\/wp\/v2\/pages\/1414\/revisions\/1437"}],"wp:attachment":[{"href":"https:\/\/soderpiren.se\/en\/wp-json\/wp\/v2\/media?parent=1414"}],"curies":[{"name":"wp","href":"https:\/\/api.w.org\/{rel}","templated":true}]}}