{"id":38,"date":"2022-11-09T09:17:00","date_gmt":"2022-11-09T08:17:00","guid":{"rendered":"https:\/\/soderpiren.se\/?page_id=38"},"modified":"2025-01-15T15:12:17","modified_gmt":"2025-01-15T14:12:17","slug":"kontakt","status":"publish","type":"page","link":"https:\/\/soderpiren.se\/en\/kontakt\/","title":{"rendered":"Contact"},"content":{"rendered":"<div data-elementor-type=\"wp-page\" data-elementor-id=\"38\" class=\"elementor elementor-38\" data-elementor-post-type=\"page\">\n\t\t\t\t\t\t<section class=\"elementor-section elementor-top-section elementor-element elementor-element-303b649 elementor-section-boxed elementor-section-height-default elementor-section-height-default\" data-id=\"303b649\" data-element_type=\"section\">\n\t\t\t\t\t\t<div class=\"elementor-container elementor-column-gap-default\">\n\t\t\t\t\t<div class=\"elementor-column elementor-col-50 elementor-top-column elementor-element elementor-element-0eb81f1\" data-id=\"0eb81f1\" data-element_type=\"column\" data-settings=\"{&quot;background_background&quot;:&quot;classic&quot;}\">\n\t\t\t<div class=\"elementor-widget-wrap elementor-element-populated\">\n\t\t\t\t\t\t<div class=\"elementor-element elementor-element-58df81ba elementor-widget elementor-widget-text-editor\" data-id=\"58df81ba\" data-element_type=\"widget\" data-widget_type=\"text-editor.default\">\n\t\t\t\t<div class=\"elementor-widget-container\">\n\t\t\t\t\t\t\t\t\t<h4>Contact us<\/h4><p><strong>Phone<\/strong>: 076-342 91 44<\/p><p><strong>Booking<\/strong>\u00a0of the hot tub &amp; event venue is done through our website.<br \/>Check available times on the respective link.<\/p><p><a href=\"https:\/\/soderpiren.se\/en\/badtunna\/\"><strong>Hot tub<\/strong><\/a><br \/><a href=\"https:\/\/soderpiren.se\/en\/festlokal\/\"><strong>Party venue<\/strong><\/a><\/p>\t\t\t\t\t\t\t\t<\/div>\n\t\t\t\t<\/div>\n\t\t\t\t\t<\/div>\n\t\t<\/div>\n\t\t\t\t<div class=\"elementor-column elementor-col-50 elementor-top-column elementor-element elementor-element-be75be3\" data-id=\"be75be3\" data-element_type=\"column\" data-settings=\"{&quot;background_background&quot;:&quot;classic&quot;}\">\n\t\t\t<div class=\"elementor-widget-wrap elementor-element-populated\">\n\t\t\t\t\t\t<div class=\"elementor-element elementor-element-b8dae15 elementor-widget elementor-widget-text-editor\" data-id=\"b8dae15\" data-element_type=\"widget\" data-widget_type=\"text-editor.default\">\n\t\t\t\t<div class=\"elementor-widget-container\">\n\t\t\t\t\t\t\t\t\t<h4>\u00a0Find us<\/h4><p><a href=\"https:\/\/www.google.se\/maps\/place\/Sm%C3%A5b%C3%A5tsgatan+4,+302+90+Halmstad\/@56.6598949,12.8459347,17z\/data=!3m1!4b1!4m5!3m4!1s0x4651a2d9061bc06b:0x9a101ee2f5eea1c3!8m2!3d56.6598949!4d12.8481233\" target=\"_blank\" rel=\"noopener\"><strong>Sm\u00e5b\u00e5tsgatan 4, 302 90 Halmstad<\/strong><\/a><\/p><p>Halmstad city \u2013 S\u00f6derpiren<\/p>\t\t\t\t\t\t\t\t<\/div>\n\t\t\t\t<\/div>\n\t\t\t\t<section class=\"elementor-section elementor-inner-section elementor-element elementor-element-18c3b9f elementor-section-boxed elementor-section-height-default elementor-section-height-default\" data-id=\"18c3b9f\" data-element_type=\"section\">\n\t\t\t\t\t\t<div class=\"elementor-container elementor-column-gap-default\">\n\t\t\t\t\t<div class=\"elementor-column elementor-col-33 elementor-inner-column elementor-element elementor-element-d7b1c0d\" data-id=\"d7b1c0d\" data-element_type=\"column\">\n\t\t\t<div class=\"elementor-widget-wrap elementor-element-populated\">\n\t\t\t\t\t\t<div class=\"elementor-element elementor-element-f8e64fd elementor-widget elementor-widget-image\" data-id=\"f8e64fd\" data-element_type=\"widget\" data-widget_type=\"image.default\">\n\t\t\t\t<div class=\"elementor-widget-container\">\n\t\t\t\t\t\t\t\t\t\t\t\t\t\t\t<img decoding=\"async\" width=\"150\" height=\"150\" src=\"https:\/\/soderpiren.se\/wp-content\/uploads\/2022\/11\/bild_ga-150x150-1.png\" class=\"attachment-large size-large wp-image-228\" alt=\"\" \/>\t\t\t\t\t\t\t\t\t\t\t\t\t\t\t<\/div>\n\t\t\t\t<\/div>\n\t\t\t\t\t<\/div>\n\t\t<\/div>\n\t\t\t\t<div class=\"elementor-column elementor-col-33 elementor-inner-column elementor-element elementor-element-e1fbff1\" data-id=\"e1fbff1\" data-element_type=\"column\">\n\t\t\t<div class=\"elementor-widget-wrap elementor-element-populated\">\n\t\t\t\t\t\t<div class=\"elementor-element elementor-element-ddd1ed3 elementor-widget elementor-widget-image\" data-id=\"ddd1ed3\" data-element_type=\"widget\" data-widget_type=\"image.default\">\n\t\t\t\t<div class=\"elementor-widget-container\">\n\t\t\t\t\t\t\t\t\t\t\t\t\t\t\t<img decoding=\"async\" width=\"150\" height=\"150\" src=\"https:\/\/soderpiren.se\/wp-content\/uploads\/2022\/11\/bild_cykel-150x150-1.png\" class=\"attachment-large size-large wp-image-227\" alt=\"\" \/>\t\t\t\t\t\t\t\t\t\t\t\t\t\t\t<\/div>\n\t\t\t\t<\/div>\n\t\t\t\t\t<\/div>\n\t\t<\/div>\n\t\t\t\t<div class=\"elementor-column elementor-col-33 elementor-inner-column elementor-element elementor-element-8452946\" data-id=\"8452946\" data-element_type=\"column\">\n\t\t\t<div class=\"elementor-widget-wrap elementor-element-populated\">\n\t\t\t\t\t\t<div class=\"elementor-element elementor-element-a43dd27 elementor-widget elementor-widget-image\" data-id=\"a43dd27\" data-element_type=\"widget\" data-widget_type=\"image.default\">\n\t\t\t\t<div class=\"elementor-widget-container\">\n\t\t\t\t\t\t\t\t\t\t\t\t\t\t\t<img decoding=\"async\" width=\"150\" height=\"150\" src=\"https:\/\/soderpiren.se\/wp-content\/uploads\/2022\/11\/bild_buss-150x150-1.png\" class=\"attachment-large size-large wp-image-229\" alt=\"\" \/>\t\t\t\t\t\t\t\t\t\t\t\t\t\t\t<\/div>\n\t\t\t\t<\/div>\n\t\t\t\t\t<\/div>\n\t\t<\/div>\n\t\t\t\t\t<\/div>\n\t\t<\/section>\n\t\t\t\t\t<\/div>\n\t\t<\/div>\n\t\t\t\t\t<\/div>\n\t\t<\/section>\n\t\t\t\t<section class=\"elementor-section elementor-top-section elementor-element elementor-element-379a114c elementor-section-content-middle elementor-section-boxed elementor-section-height-default elementor-section-height-default\" data-id=\"379a114c\" data-element_type=\"section\">\n\t\t\t\t\t\t<div class=\"elementor-container elementor-column-gap-wider\">\n\t\t\t\t\t<div class=\"elementor-column elementor-col-50 elementor-top-column elementor-element elementor-element-ddf3d2a\" data-id=\"ddf3d2a\" data-element_type=\"column\">\n\t\t\t<div class=\"elementor-widget-wrap elementor-element-populated\">\n\t\t\t\t\t\t<div class=\"elementor-element elementor-element-53aeb7a3 elementor-widget elementor-widget-image\" data-id=\"53aeb7a3\" data-element_type=\"widget\" data-widget_type=\"image.default\">\n\t\t\t\t<div class=\"elementor-widget-container\">\n\t\t\t\t\t\t\t\t\t\t\t\t\t\t\t<img loading=\"lazy\" decoding=\"async\" width=\"700\" height=\"500\" src=\"https:\/\/soderpiren.se\/wp-content\/uploads\/2025\/01\/tilda.jpg\" class=\"attachment-medium_large size-medium_large wp-image-986\" alt=\"\" srcset=\"https:\/\/soderpiren.se\/wp-content\/uploads\/2025\/01\/tilda.jpg 700w, https:\/\/soderpiren.se\/wp-content\/uploads\/2025\/01\/tilda-300x214.jpg 300w, https:\/\/soderpiren.se\/wp-content\/uploads\/2025\/01\/tilda-18x12.jpg 18w\" sizes=\"(max-width: 700px) 100vw, 700px\" \/>\t\t\t\t\t\t\t\t\t\t\t\t\t\t\t<\/div>\n\t\t\t\t<\/div>\n\t\t\t\t\t<\/div>\n\t\t<\/div>\n\t\t\t\t<div class=\"elementor-column elementor-col-50 elementor-top-column elementor-element elementor-element-4cd67d99\" data-id=\"4cd67d99\" data-element_type=\"column\">\n\t\t\t<div class=\"elementor-widget-wrap elementor-element-populated\">\n\t\t\t\t\t\t<div class=\"elementor-element elementor-element-4b5ccaad elementor-widget elementor-widget-text-editor\" data-id=\"4b5ccaad\" data-element_type=\"widget\" data-widget_type=\"text-editor.default\">\n\t\t\t\t<div class=\"elementor-widget-container\">\n\t\t\t\t\t\t\t\t\t<p><strong>Tilda Holmgren Nilsson\u00a0<\/strong><br \/><em>Operations Manager<\/em><\/p><p>S\u00f6derpiren\u2019s spider in the web, making sure everything runs smoothly. Responsible for bookings, the caf\u00e9, and everything in between. With an eye for detail and a smile on her face, she\u2019s the rock that holds the business together and always ensures the guests are happy. \u00a0<\/p><p><strong>Contact<\/strong>: <a href=\"mailto:tilda@soderpiren.se\">tilda@soderpiren.se<\/a><\/p>\t\t\t\t\t\t\t\t<\/div>\n\t\t\t\t<\/div>\n\t\t\t\t\t<\/div>\n\t\t<\/div>\n\t\t\t\t\t<\/div>\n\t\t<\/section>\n\t\t\t\t<section class=\"elementor-section elementor-top-section elementor-element elementor-element-e570bb0 elementor-section-content-middle elementor-reverse-tablet elementor-reverse-mobile elementor-section-boxed elementor-section-height-default elementor-section-height-default\" data-id=\"e570bb0\" data-element_type=\"section\">\n\t\t\t\t\t\t<div class=\"elementor-container elementor-column-gap-wider\">\n\t\t\t\t\t<div class=\"elementor-column elementor-col-50 elementor-top-column elementor-element elementor-element-3f06e54\" data-id=\"3f06e54\" data-element_type=\"column\">\n\t\t\t<div class=\"elementor-widget-wrap elementor-element-populated\">\n\t\t\t\t\t\t<div class=\"elementor-element elementor-element-b1a4e96 elementor-widget elementor-widget-text-editor\" data-id=\"b1a4e96\" data-element_type=\"widget\" data-widget_type=\"text-editor.default\">\n\t\t\t\t<div class=\"elementor-widget-container\">\n\t\t\t\t\t\t\t\t\t<p><strong>Peter Gereny&nbsp;<\/strong><br><em>Owner\/Business Developer\/<\/em><em>Janitor<\/em><\/p>\n<p>Founder of S\u00f6derpiren, property manager, and our very own handyman. Finds solutions like no one else\u2014just look at our beautiful Kottehus! Always eager for development and new ideas, while also placing great importance on caring for and preserving. Does everything to save things, both out of sustainability thinking and maybe a little bit of thriftiness. Also carries the heavy responsibility of being our taste tester and leftover eater.<\/p>\n<p><strong>Contact<\/strong>: Preferably doesn\u2019t answer the phone. The best chance to get in touch is during the morning coffee, but let him have a couple of sips first.<\/p>\t\t\t\t\t\t\t\t<\/div>\n\t\t\t\t<\/div>\n\t\t\t\t\t<\/div>\n\t\t<\/div>\n\t\t\t\t<div class=\"elementor-column elementor-col-50 elementor-top-column elementor-element elementor-element-a677eb7\" data-id=\"a677eb7\" data-element_type=\"column\">\n\t\t\t<div class=\"elementor-widget-wrap elementor-element-populated\">\n\t\t\t\t\t\t<div class=\"elementor-element elementor-element-3caeb29 elementor-widget elementor-widget-image\" data-id=\"3caeb29\" data-element_type=\"widget\" data-widget_type=\"image.default\">\n\t\t\t\t<div class=\"elementor-widget-container\">\n\t\t\t\t\t\t\t\t\t\t\t\t\t\t\t<img loading=\"lazy\" decoding=\"async\" width=\"700\" height=\"500\" src=\"https:\/\/soderpiren.se\/wp-content\/uploads\/2022\/11\/peter.png\" class=\"attachment-large size-large wp-image-231\" alt=\"\" srcset=\"https:\/\/soderpiren.se\/wp-content\/uploads\/2022\/11\/peter.png 700w, https:\/\/soderpiren.se\/wp-content\/uploads\/2022\/11\/peter-300x214.png 300w\" sizes=\"(max-width: 700px) 100vw, 700px\" \/>\t\t\t\t\t\t\t\t\t\t\t\t\t\t\t<\/div>\n\t\t\t\t<\/div>\n\t\t\t\t\t<\/div>\n\t\t<\/div>\n\t\t\t\t\t<\/div>\n\t\t<\/section>\n\t\t\t\t<section class=\"elementor-section elementor-top-section elementor-element elementor-element-686e63f elementor-section-content-middle elementor-section-boxed elementor-section-height-default elementor-section-height-default\" data-id=\"686e63f\" data-element_type=\"section\">\n\t\t\t\t\t\t<div class=\"elementor-container elementor-column-gap-wider\">\n\t\t\t\t\t<div class=\"elementor-column elementor-col-50 elementor-top-column elementor-element elementor-element-fa10782\" data-id=\"fa10782\" data-element_type=\"column\">\n\t\t\t<div class=\"elementor-widget-wrap elementor-element-populated\">\n\t\t\t\t\t\t<div class=\"elementor-element elementor-element-1a65ec9 elementor-widget elementor-widget-image\" data-id=\"1a65ec9\" data-element_type=\"widget\" data-widget_type=\"image.default\">\n\t\t\t\t<div class=\"elementor-widget-container\">\n\t\t\t\t\t\t\t\t\t\t\t\t\t\t\t<img loading=\"lazy\" decoding=\"async\" width=\"1024\" height=\"682\" src=\"https:\/\/soderpiren.se\/wp-content\/uploads\/2022\/11\/IMG_2530-1024x682-1.jpg\" class=\"attachment-large size-large wp-image-232\" alt=\"\" srcset=\"https:\/\/soderpiren.se\/wp-content\/uploads\/2022\/11\/IMG_2530-1024x682-1.jpg 1024w, https:\/\/soderpiren.se\/wp-content\/uploads\/2022\/11\/IMG_2530-1024x682-1-300x200.jpg 300w, https:\/\/soderpiren.se\/wp-content\/uploads\/2022\/11\/IMG_2530-1024x682-1-768x512.jpg 768w\" sizes=\"(max-width: 1024px) 100vw, 1024px\" \/>\t\t\t\t\t\t\t\t\t\t\t\t\t\t\t<\/div>\n\t\t\t\t<\/div>\n\t\t\t\t\t<\/div>\n\t\t<\/div>\n\t\t\t\t<div class=\"elementor-column elementor-col-50 elementor-top-column elementor-element elementor-element-45f0480\" data-id=\"45f0480\" data-element_type=\"column\">\n\t\t\t<div class=\"elementor-widget-wrap elementor-element-populated\">\n\t\t\t\t\t\t<div class=\"elementor-element elementor-element-aae6110 elementor-widget elementor-widget-text-editor\" data-id=\"aae6110\" data-element_type=\"widget\" data-widget_type=\"text-editor.default\">\n\t\t\t\t<div class=\"elementor-widget-container\">\n\t\t\t\t\t\t\t\t\t<p><strong>Kim Erixon\u00a0<br \/><\/strong><em>Owner\/Business Developer\/Finance\u00a0<\/em><strong><br \/><\/strong><\/p><p>She\u2019s the one who feels most comfortable behind the scenes and loves developing ideas and being creative. The band\u2019s manager who drives the operations forward. A determined little lady who says, 'Now it\u2019s too much' &amp; 'Maybe we should start\u2026' in the same sentence.<br \/>G\u00e4ller det ekonomi, konferens, Lillebror eller Kottehusen kontaktar ni henne.\u00a0<\/p><p><strong>Contact<\/strong>: <a href=\"mailto:kim@soderpiren.se\">kim@soderpiren.se<\/a><\/p>\t\t\t\t\t\t\t\t<\/div>\n\t\t\t\t<\/div>\n\t\t\t\t\t<\/div>\n\t\t<\/div>\n\t\t\t\t\t<\/div>\n\t\t<\/section>\n\t\t\t\t<section class=\"elementor-section elementor-top-section elementor-element elementor-element-4b21f87f elementor-section-boxed elementor-section-height-default elementor-section-height-default\" data-id=\"4b21f87f\" data-element_type=\"section\">\n\t\t\t\t\t\t<div class=\"elementor-container elementor-column-gap-default\">\n\t\t\t\t\t<div class=\"elementor-column elementor-col-100 elementor-top-column elementor-element elementor-element-6f2ddb76\" data-id=\"6f2ddb76\" data-element_type=\"column\">\n\t\t\t<div class=\"elementor-widget-wrap elementor-element-populated\">\n\t\t\t\t\t\t<div class=\"elementor-element elementor-element-1d0518c8 elementor-widget elementor-widget-text-editor\" data-id=\"1d0518c8\" data-element_type=\"widget\" data-widget_type=\"text-editor.default\">\n\t\t\t\t<div class=\"elementor-widget-container\">\n\t\t\t\t\t\t\t\t\t<h3>Long story short...<\/h3><p>In 2010, Peter Gereny put the first shovel into the sand dunes at V\u00e4stra Stranden for what would become S\u00f6derpiren. Initially, it was primarily a surf shop with a small caf\u00e9 offering. Much has changed over the years; the surf shop no longer exists, but the business has evolved and today it is a gathering place, not just for people who practice water sports, but for everyone. Visitors range from dog owners walking on the beach to companies renting S\u00f6derpiren for various events.\u00a0<\/p><p>In January 2018, Kim Erixon became a co-owner of S\u00f6derpiren to work alongside Peter in developing the business and taking S\u00f6derpiren to new heights.<\/p><p>In 2019, the restaurant Lillebror was built next to S\u00f6derpiren. The desire to offer food by the sea in the evenings had long been there, so the solution became a summer restaurant in the sand dunes.\u00a0<\/p><p>In 2020, the idea of the Kottehusen was born, and by the summer of 2022, five fantastic Kottehus were ready for rental on V\u00e4stra Stranden.\u00a0<\/p>\t\t\t\t\t\t\t\t<\/div>\n\t\t\t\t<\/div>\n\t\t\t\t\t<\/div>\n\t\t<\/div>\n\t\t\t\t\t<\/div>\n\t\t<\/section>\n\t\t\t\t<section class=\"elementor-section elementor-top-section elementor-element elementor-element-2bee509 elementor-section-boxed elementor-section-height-default elementor-section-height-default\" data-id=\"2bee509\" data-element_type=\"section\">\n\t\t\t\t\t\t<div class=\"elementor-container elementor-column-gap-default\">\n\t\t\t\t\t<div class=\"elementor-column elementor-col-100 elementor-top-column elementor-element elementor-element-cc4b569\" data-id=\"cc4b569\" data-element_type=\"column\">\n\t\t\t<div class=\"elementor-widget-wrap elementor-element-populated\">\n\t\t\t\t\t\t<div class=\"elementor-element elementor-element-26e63b8 elementor-widget elementor-widget-image\" data-id=\"26e63b8\" data-element_type=\"widget\" data-widget_type=\"image.default\">\n\t\t\t\t<div class=\"elementor-widget-container\">\n\t\t\t\t\t\t\t\t\t\t\t\t\t\t\t<img loading=\"lazy\" decoding=\"async\" width=\"1024\" height=\"682\" src=\"https:\/\/soderpiren.se\/wp-content\/uploads\/2022\/11\/festlokal-kopia-1024x682-1.jpg\" class=\"attachment-large size-large wp-image-233\" alt=\"\" srcset=\"https:\/\/soderpiren.se\/wp-content\/uploads\/2022\/11\/festlokal-kopia-1024x682-1.jpg 1024w, https:\/\/soderpiren.se\/wp-content\/uploads\/2022\/11\/festlokal-kopia-1024x682-1-300x200.jpg 300w, https:\/\/soderpiren.se\/wp-content\/uploads\/2022\/11\/festlokal-kopia-1024x682-1-768x512.jpg 768w\" sizes=\"(max-width: 1024px) 100vw, 1024px\" \/>\t\t\t\t\t\t\t\t\t\t\t\t\t\t\t<\/div>\n\t\t\t\t<\/div>\n\t\t\t\t\t<\/div>\n\t\t<\/div>\n\t\t\t\t\t<\/div>\n\t\t<\/section>\n\t\t\t\t<\/div>","protected":false},"excerpt":{"rendered":"<p>Kontakta oss Tfn: 076-342 91 44 All bokning\u00a0av badtunna &amp; festlokal sker p\u00e5 v\u00e5r hemsidaSe lediga tider p\u00e5 respektive l\u00e4nk BadtunnaFestlokal \u00a0Hitta hit Sm\u00e5b\u00e5tsgatan 4, 302 90 Halmstad Halmstad city \u2013 S\u00f6derpiren Tilda Holmgren Nilsson\u00a0Driftchef S\u00f6derpirens spindel i n\u00e4tet som ser till att allt rullar p\u00e5 smidigt. Ansvarar f\u00f6r bokningar, caf\u00e9et och allt d\u00e4remellan. Med &#8230; <a title=\"Contact\" class=\"read-more\" href=\"https:\/\/soderpiren.se\/en\/kontakt\/\" aria-label=\"Read more about Kontakt\">L\u00e4s mer<\/a><\/p>","protected":false},"author":1,"featured_media":0,"parent":0,"menu_order":0,"comment_status":"closed","ping_status":"closed","template":"elementor_header_footer","meta":{"footnotes":""},"class_list":["post-38","page","type-page","status-publish"],"_links":{"self":[{"href":"https:\/\/soderpiren.se\/en\/wp-json\/wp\/v2\/pages\/38","targetHints":{"allow":["GET"]}}],"collection":[{"href":"https:\/\/soderpiren.se\/en\/wp-json\/wp\/v2\/pages"}],"about":[{"href":"https:\/\/soderpiren.se\/en\/wp-json\/wp\/v2\/types\/page"}],"author":[{"embeddable":true,"href":"https:\/\/soderpiren.se\/en\/wp-json\/wp\/v2\/users\/1"}],"replies":[{"embeddable":true,"href":"https:\/\/soderpiren.se\/en\/wp-json\/wp\/v2\/comments?post=38"}],"version-history":[{"count":49,"href":"https:\/\/soderpiren.se\/en\/wp-json\/wp\/v2\/pages\/38\/revisions"}],"predecessor-version":[{"id":992,"href":"https:\/\/soderpiren.se\/en\/wp-json\/wp\/v2\/pages\/38\/revisions\/992"}],"wp:attachment":[{"href":"https:\/\/soderpiren.se\/en\/wp-json\/wp\/v2\/media?parent=38"}],"curies":[{"name":"wp","href":"https:\/\/api.w.org\/{rel}","templated":true}]}}